{"id":154,"date":"2020-12-04T17:15:48","date_gmt":"2020-12-04T16:15:48","guid":{"rendered":"http:\/\/www.xn--congresosespaa-2nb.es\/travelmeetingceav\/password-reset\/"},"modified":"2020-12-10T22:34:48","modified_gmt":"2020-12-10T21:34:48","slug":"password-reset","status":"publish","type":"page","link":"https:\/\/www.xn--congresosespaa-2nb.es\/travelmeetingceav\/password-reset\/","title":{"rendered":"Restablecer la contrase\u00f1a"},"content":{"rendered":"\t\t<div data-elementor-type=\"wp-page\" data-elementor-id=\"154\" class=\"elementor elementor-154\" data-elementor-settings=\"[]\">\n\t\t\t\t\t\t<div class=\"elementor-inner\">\n\t\t\t\t\t\t\t<div class=\"elementor-section-wrap\">\n\t\t\t\t\t\t\t<section class=\"elementor-section elementor-top-section elementor-element elementor-element-11864b9b elementor-section-height-min-height elementor-section-stretched elementor-section-boxed elementor-section-height-default elementor-section-items-middle\" data-id=\"11864b9b\" data-element_type=\"section\" data-settings=\"{&quot;stretch_section&quot;:&quot;section-stretched&quot;,&quot;background_background&quot;:&quot;classic&quot;}\">\n\t\t\t\t\t\t\t<div class=\"elementor-background-overlay\"><\/div>\n\t\t\t\t\t\t\t<div class=\"elementor-container elementor-column-gap-default\">\n\t\t\t\t\t\t\t<div class=\"elementor-row\">\n\t\t\t\t\t<div class=\"elementor-column elementor-col-100 elementor-top-column elementor-element elementor-element-6825e069\" data-id=\"6825e069\" data-element_type=\"column\">\n\t\t\t<div class=\"elementor-column-wrap elementor-element-populated\">\n\t\t\t\t\t\t\t<div class=\"elementor-widget-wrap\">\n\t\t\t\t\t\t<div class=\"elementor-element elementor-element-688a39d2 elementor-widget elementor-widget-heading\" data-id=\"688a39d2\" data-element_type=\"widget\" data-widget_type=\"heading.default\">\n\t\t\t\t<div class=\"elementor-widget-container\">\n\t\t\t<h2 class=\"elementor-heading-title elementor-size-xxl\">UPSS!!<\/h2>\t\t<\/div>\n\t\t\t\t<\/div>\n\t\t\t\t\t\t<\/div>\n\t\t\t\t\t<\/div>\n\t\t<\/div>\n\t\t\t\t\t\t\t\t<\/div>\n\t\t\t\t\t<\/div>\n\t\t<\/section>\n\t\t\t\t<section class=\"elementor-section elementor-top-section elementor-element elementor-element-2f7079ff elementor-section-boxed elementor-section-height-default elementor-section-height-default\" data-id=\"2f7079ff\" data-element_type=\"section\">\n\t\t\t\t\t\t<div class=\"elementor-container elementor-column-gap-default\">\n\t\t\t\t\t\t\t<div class=\"elementor-row\">\n\t\t\t\t\t<div class=\"elementor-column elementor-col-100 elementor-top-column elementor-element elementor-element-2420a36c\" data-id=\"2420a36c\" data-element_type=\"column\">\n\t\t\t<div class=\"elementor-column-wrap elementor-element-populated\">\n\t\t\t\t\t\t\t<div class=\"elementor-widget-wrap\">\n\t\t\t\t\t\t<div class=\"elementor-element elementor-element-7209dbd elementor-widget elementor-widget-heading\" data-id=\"7209dbd\" data-element_type=\"widget\" data-widget_type=\"heading.default\">\n\t\t\t\t<div class=\"elementor-widget-container\">\n\t\t\t<h2 class=\"elementor-heading-title elementor-size-xl\">Restablecer la contrase\u00f1a<\/h2>\t\t<\/div>\n\t\t\t\t<\/div>\n\t\t\t\t\t\t<\/div>\n\t\t\t\t\t<\/div>\n\t\t<\/div>\n\t\t\t\t\t\t\t\t<\/div>\n\t\t\t\t\t<\/div>\n\t\t<\/section>\n\t\t\t\t<section class=\"elementor-section elementor-top-section elementor-element elementor-element-33650216 elementor-section-boxed elementor-section-height-default elementor-section-height-default\" data-id=\"33650216\" data-element_type=\"section\">\n\t\t\t\t\t\t<div class=\"elementor-container elementor-column-gap-default\">\n\t\t\t\t\t\t\t<div class=\"elementor-row\">\n\t\t\t\t\t<div class=\"elementor-column elementor-col-100 elementor-top-column elementor-element elementor-element-59dd4daa\" data-id=\"59dd4daa\" data-element_type=\"column\">\n\t\t\t<div class=\"elementor-column-wrap elementor-element-populated\">\n\t\t\t\t\t\t\t<div class=\"elementor-widget-wrap\">\n\t\t\t\t\t\t<div class=\"elementor-element elementor-element-2074281e elementor-widget elementor-widget-text-editor\" data-id=\"2074281e\" data-element_type=\"widget\" data-widget_type=\"text-editor.default\">\n\t\t\t\t<div class=\"elementor-widget-container\">\n\t\t\t\t\t<div class=\"elementor-text-editor elementor-clearfix\">\r\n<div class=\"um um-password um-um_password_id\">\r\n\t<div class=\"um-form\">\r\n\t\t<form method=\"post\" action=\"\">\r\n\t\t\t\r\n\t\t\t\t<input type=\"hidden\" name=\"_um_password_reset\" id=\"_um_password_reset\" value=\"1\" \/>\r\n\r\n\t\t\t\t\t\t\t\t\t<div class=\"um-field um-field-block um-field-type_block\">\r\n\t\t\t\t\t\t<div class=\"um-field-block\">\r\n\t\t\t\t\t\t\t<div style=\"text-align:center;\">\r\n\t\t\t\t\t\t\t\tPara restablecer tu contrase\u00f1a, por favor, indica a continuaci\u00f3n tu direcci\u00f3n de correo electr\u00f3nico o nombre de usuario\t\t\t\t\t\t\t<\/div>\r\n\t\t\t\t\t\t<\/div>\r\n\t\t\t\t\t<\/div>\r\n\t\t\t\t<div  id=\"um_field_um_password_id_username_b\" class=\"um-field um-field-text  um-field-username_b um-field-text um-field-type_text\" data-key=\"username_b\"><div class=\"um-field-area\"><input  autocomplete=\"off\" class=\"um-form-field valid \" type=\"text\" name=\"username_b\" id=\"username_b\" value=\"\" placeholder=\"Introduce tu nombre de usuario o correo electr\u00f3nico\" data-validate=\"\" data-key=\"username_b\" \/>\r\n\r\n\t\t\t\t\t\t<\/div><\/div>\r\n\t\t\t\t<div class=\"um-col-alt um-col-alt-b\">\r\n\r\n\t\t\t\t\t<div class=\"um-center\">\r\n\t\t\t\t\t\t<input type=\"submit\" value=\"Restablecer mi contrase\u00f1a\" class=\"um-button\" id=\"um-submit-btn\" \/>\r\n\t\t\t\t\t<\/div>\r\n\r\n\t\t\t\t\t<div class=\"um-clear\"><\/div>\r\n\r\n\t\t\t\t<\/div>\r\n\r\n\t\t\t\t\t\t<input type=\"hidden\" name=\"form_id\" id=\"form_id_um_password_id\" value=\"um_password_id\" \/>\r\n\t\r\n\t<p class=\"um_request_name\">\r\n\t\t<label for=\"um_request_um_password_id\">Only fill in if you are not human<\/label>\r\n\t\t<input type=\"hidden\" name=\"um_request\" id=\"um_request_um_password_id\" class=\"input\" value=\"\" size=\"25\" autocomplete=\"off\" \/>\r\n\t<\/p>\r\n\r\n\t\t\t<\/form>\r\n\t<\/div>\r\n<\/div><style type=\"text\/css\">\r\n.um-um_password_id.um {\r\n\tmax-width: 450px;\r\n}<\/style>\r\n<\/div>\n\t\t\t\t<\/div>\n\t\t\t\t<\/div>\n\t\t\t\t\t\t<\/div>\n\t\t\t\t\t<\/div>\n\t\t<\/div>\n\t\t\t\t\t\t\t\t<\/div>\n\t\t\t\t\t<\/div>\n\t\t<\/section>\n\t\t\t\t\t\t<\/div>\n\t\t\t\t\t\t<\/div>\n\t\t\t\t\t<\/div>\n\t\t","protected":false},"excerpt":{"rendered":"<p>UPSS!! Restablecer la contrase\u00f1a<\/p>\n","protected":false},"author":1,"featured_media":0,"parent":0,"menu_order":0,"comment_status":"closed","ping_status":"closed","template":"elementor_header_footer","meta":[],"_links":{"self":[{"href":"https:\/\/www.xn--congresosespaa-2nb.es\/travelmeetingceav\/wp-json\/wp\/v2\/pages\/154"}],"collection":[{"href":"https:\/\/www.xn--congresosespaa-2nb.es\/travelmeetingceav\/wp-json\/wp\/v2\/pages"}],"about":[{"href":"https:\/\/www.xn--congresosespaa-2nb.es\/travelmeetingceav\/wp-json\/wp\/v2\/types\/page"}],"author":[{"embeddable":true,"href":"https:\/\/www.xn--congresosespaa-2nb.es\/travelmeetingceav\/wp-json\/wp\/v2\/users\/1"}],"replies":[{"embeddable":true,"href":"https:\/\/www.xn--congresosespaa-2nb.es\/travelmeetingceav\/wp-json\/wp\/v2\/comments?post=154"}],"version-history":[{"count":4,"href":"https:\/\/www.xn--congresosespaa-2nb.es\/travelmeetingceav\/wp-json\/wp\/v2\/pages\/154\/revisions"}],"predecessor-version":[{"id":13026,"href":"https:\/\/www.xn--congresosespaa-2nb.es\/travelmeetingceav\/wp-json\/wp\/v2\/pages\/154\/revisions\/13026"}],"wp:attachment":[{"href":"https:\/\/www.xn--congresosespaa-2nb.es\/travelmeetingceav\/wp-json\/wp\/v2\/media?parent=154"}],"curies":[{"name":"wp","href":"https:\/\/api.w.org\/{rel}","templated":true}]}}